{"id":1711,"date":"2024-02-14T19:20:07","date_gmt":"2024-02-14T19:20:07","guid":{"rendered":"https:\/\/horizonmontenegro.com\/?page_id=1711"},"modified":"2024-02-14T19:24:04","modified_gmt":"2024-02-14T19:24:04","slug":"transfer-booking-form","status":"publish","type":"page","link":"https:\/\/horizonmontenegro.com\/?page_id=1711","title":{"rendered":"Transfer booking form"},"content":{"rendered":"\t\t<div data-elementor-type=\"wp-page\" data-elementor-id=\"1711\" class=\"elementor elementor-1711\">\n\t\t\t\t<div class=\"elementor-element elementor-element-aa31477 e-con-full e-flex e-con e-parent\" data-id=\"aa31477\" data-element_type=\"container\" data-e-type=\"container\">\n\t\t\t\t<div class=\"elementor-element elementor-element-4b85335 elementor-widget elementor-widget-heading\" data-id=\"4b85335\" data-element_type=\"widget\" data-e-type=\"widget\" data-widget_type=\"heading.default\">\n\t\t\t\t<div class=\"elementor-widget-container\">\n\t\t\t\t\t<h1 class=\"elementor-heading-title elementor-size-default\">Transfer service<\/h1>\t\t\t\t<\/div>\n\t\t\t\t<\/div>\n\t\t\t\t<\/div>\n\t\t<div class=\"elementor-element elementor-element-0e92efd e-flex e-con-boxed e-con e-parent\" data-id=\"0e92efd\" data-element_type=\"container\" data-e-type=\"container\">\n\t\t\t\t\t<div class=\"e-con-inner\">\n\t\t\t\t<div class=\"elementor-element elementor-element-c2f995e elementor-widget elementor-widget-text-editor\" data-id=\"c2f995e\" data-element_type=\"widget\" data-e-type=\"widget\" data-widget_type=\"text-editor.default\">\n\t\t\t\t<div class=\"elementor-widget-container\">\n\t\t\t\t\t\t\t\t\t<p>Please complete the form<\/p>\t\t\t\t\t\t\t\t<\/div>\n\t\t\t\t<\/div>\n\t\t\t\t<div class=\"elementor-element elementor-element-1119389 elementor-widget elementor-widget-wpforms\" data-id=\"1119389\" data-element_type=\"widget\" data-e-type=\"widget\" data-widget_type=\"wpforms.default\">\n\t\t\t\t<div class=\"elementor-widget-container\">\n\t\t\t\t\t<div class=\"wpforms-container wpforms-render-modern\" id=\"wpforms-1707\"><form id=\"wpforms-form-1707\" class=\"wpforms-validate wpforms-form wpforms-ajax-form\" data-formid=\"1707\" method=\"post\" enctype=\"multipart\/form-data\" action=\"\/index.php?rest_route=%2Fwp%2Fv2%2Fpages%2F1711\" data-token=\"918f14f6df23a0b11b508ff9e043a5ae\" data-token-time=\"1778594757\"><noscript class=\"wpforms-error-noscript\">Please enable JavaScript in your browser to complete this form.<\/noscript><div id=\"wpforms-error-noscript\" style=\"display: none;\">Please enable JavaScript in your browser to complete this form.<\/div><div class=\"wpforms-field-container\"><div id=\"wpforms-1707-field_2-container\" class=\"wpforms-field wpforms-field-name\" data-field-id=\"2\"><fieldset><legend class=\"wpforms-field-label\">Name <span class=\"wpforms-required-label\" aria-hidden=\"true\">*<\/span><\/legend><div class=\"wpforms-field-row wpforms-field-medium\"><div class=\"wpforms-field-row-block wpforms-first wpforms-one-half\"><input type=\"text\" id=\"wpforms-1707-field_2\" class=\"wpforms-field-name-first wpforms-field-required\" name=\"wpforms[fields][2][first]\" aria-errormessage=\"wpforms-1707-field_2-error\" required><label for=\"wpforms-1707-field_2\" class=\"wpforms-field-sublabel after\">First<\/label><\/div><div class=\"wpforms-field-row-block wpforms-one-half\"><input type=\"text\" id=\"wpforms-1707-field_2-last\" class=\"wpforms-field-name-last wpforms-field-required\" name=\"wpforms[fields][2][last]\" aria-errormessage=\"wpforms-1707-field_2-last-error\" required><label for=\"wpforms-1707-field_2-last\" class=\"wpforms-field-sublabel after\">Last<\/label><\/div><\/div><\/fieldset><\/div><div id=\"wpforms-1707-field_3-container\" class=\"wpforms-field wpforms-field-email\" data-field-id=\"3\"><label class=\"wpforms-field-label\" for=\"wpforms-1707-field_3\">Email <span class=\"wpforms-required-label\" aria-hidden=\"true\">*<\/span><\/label><input type=\"email\" id=\"wpforms-1707-field_3\" class=\"wpforms-field-medium wpforms-field-required\" name=\"wpforms[fields][3]\" spellcheck=\"false\" aria-errormessage=\"wpforms-1707-field_3-error\" required><\/div><div id=\"wpforms-1707-field_4-container\" class=\"wpforms-field wpforms-field-number\" data-field-id=\"4\"><label class=\"wpforms-field-label\" for=\"wpforms-1707-field_4\">Phone number <span class=\"wpforms-required-label\" aria-hidden=\"true\">*<\/span><\/label><input type=\"number\" id=\"wpforms-1707-field_4\" class=\"wpforms-field-medium wpforms-field-required\" name=\"wpforms[fields][4]\" step=\"any\" aria-errormessage=\"wpforms-1707-field_4-error\" aria-describedby=\"wpforms-1707-field_4-description\" required><div id=\"wpforms-1707-field_4-description\" class=\"wpforms-field-description\">Write your number with country code. Example (0038265333333)<\/div><\/div><div id=\"wpforms-1707-field_5-container\" class=\"wpforms-field wpforms-field-select wpforms-field-select-style-classic\" data-field-id=\"5\"><label class=\"wpforms-field-label\" for=\"wpforms-1707-field_5\">Pick up city <span class=\"wpforms-required-label\" aria-hidden=\"true\">*<\/span><\/label><select id=\"wpforms-1707-field_5\" class=\"wpforms-field-medium wpforms-field-required\" name=\"wpforms[fields][5]\" required=\"required\"><option value=\"Tivat\"  class=\"choice-1 depth-1\"  >Tivat<\/option><option value=\"Tivat - Airport\"  class=\"choice-6 depth-1\"  >Tivat - Airport<\/option><option value=\"Kotor\"  class=\"choice-2 depth-1\"  >Kotor<\/option><option value=\"Budva\"  class=\"choice-3 depth-1\"  >Budva<\/option><option value=\"Podgorica\"  class=\"choice-4 depth-1\"  >Podgorica<\/option><option value=\"Podgorica - Airport\"  class=\"choice-5 depth-1\"  >Podgorica - Airport<\/option><option value=\"Perast\"  class=\"choice-7 depth-1\"  >Perast<\/option><option value=\"Herceg Novi\"  class=\"choice-8 depth-1\"  >Herceg Novi<\/option><option value=\"Bar\"  class=\"choice-9 depth-1\"  >Bar<\/option><option value=\"Ulcinj\"  class=\"choice-10 depth-1\"  >Ulcinj<\/option><option value=\"\u017dabljak - Durmitor\"  class=\"choice-11 depth-1\"  >\u017dabljak - Durmitor<\/option><option value=\"Cetinje\"  class=\"choice-12 depth-1\"  >Cetinje<\/option><option value=\"Nik\u0161i\u0107\"  class=\"choice-13 depth-1\"  >Nik\u0161i\u0107<\/option><\/select><\/div><div id=\"wpforms-1707-field_6-container\" class=\"wpforms-field wpforms-field-select wpforms-field-select-style-classic\" data-field-id=\"6\"><label class=\"wpforms-field-label\" for=\"wpforms-1707-field_6\">Final destination <span class=\"wpforms-required-label\" aria-hidden=\"true\">*<\/span><\/label><select id=\"wpforms-1707-field_6\" class=\"wpforms-field-medium wpforms-field-required\" name=\"wpforms[fields][6]\" required=\"required\"><option value=\"Tivat\"  class=\"choice-1 depth-1\"  >Tivat<\/option><option value=\"Tivat - Airport\"  class=\"choice-6 depth-1\"  >Tivat - Airport<\/option><option value=\"Kotor\"  class=\"choice-2 depth-1\"  >Kotor<\/option><option value=\"Budva\"  class=\"choice-3 depth-1\"  >Budva<\/option><option value=\"Podgorica\"  class=\"choice-4 depth-1\"  >Podgorica<\/option><option value=\"Podgorica - Airport\"  class=\"choice-5 depth-1\"  >Podgorica - Airport<\/option><option value=\"Perast\"  class=\"choice-7 depth-1\"  >Perast<\/option><option value=\"Herceg Novi\"  class=\"choice-8 depth-1\"  >Herceg Novi<\/option><option value=\"Bar\"  class=\"choice-9 depth-1\"  >Bar<\/option><option value=\"Ulcinj\"  class=\"choice-10 depth-1\"  >Ulcinj<\/option><option value=\"\u017dabljak - Durmitor\"  class=\"choice-11 depth-1\"  >\u017dabljak - Durmitor<\/option><option value=\"Cetinje\"  class=\"choice-12 depth-1\"  >Cetinje<\/option><option value=\"Nik\u0161i\u0107\"  class=\"choice-13 depth-1\"  >Nik\u0161i\u0107<\/option><\/select><\/div><div id=\"wpforms-1707-field_9-container\" class=\"wpforms-field wpforms-field-select wpforms-field-select-style-classic\" data-field-id=\"9\"><label class=\"wpforms-field-label\" for=\"wpforms-1707-field_9\">How many persons? <span class=\"wpforms-required-label\" aria-hidden=\"true\">*<\/span><\/label><select id=\"wpforms-1707-field_9\" class=\"wpforms-field-medium wpforms-field-required\" name=\"wpforms[fields][9]\" required=\"required\"><option value=\"1\"  class=\"choice-1 depth-1\"  >1<\/option><option value=\"2\"  class=\"choice-2 depth-1\"  >2<\/option><option value=\"3\"  class=\"choice-3 depth-1\"  >3<\/option><option value=\"4\"  class=\"choice-4 depth-1\"  >4<\/option><option value=\"5\"  class=\"choice-5 depth-1\"  >5<\/option><option value=\"6\"  class=\"choice-6 depth-1\"  >6<\/option><option value=\"7\"  class=\"choice-7 depth-1\"  >7<\/option><option value=\"8+\"  class=\"choice-8 depth-1\"  >8+<\/option><\/select><\/div><div id=\"wpforms-1707-field_8-container\" class=\"wpforms-field wpforms-field-textarea\" data-field-id=\"8\"><label class=\"wpforms-field-label\" for=\"wpforms-1707-field_8\">Additional informations or special requests<\/label><textarea id=\"wpforms-1707-field_8\" class=\"wpforms-field-medium\" name=\"wpforms[fields][8]\" aria-errormessage=\"wpforms-1707-field_8-error\" ><\/textarea><\/div><\/div><!-- .wpforms-field-container --><div class=\"wpforms-submit-container\" ><input type=\"hidden\" name=\"wpforms[id]\" value=\"1707\"><input type=\"hidden\" name=\"page_title\" value=\"\"><input type=\"hidden\" name=\"page_url\" value=\"https:\/\/horizonmontenegro.com\/index.php?rest_route=\/wp\/v2\/pages\/1711\"><input type=\"hidden\" name=\"url_referer\" value=\"\"><button type=\"submit\" name=\"wpforms[submit]\" id=\"wpforms-submit-1707\" class=\"wpforms-submit\" data-alt-text=\"Sending...\" data-submit-text=\"Submit\" aria-live=\"assertive\" value=\"wpforms-submit\">Submit<\/button><img decoding=\"async\" src=\"https:\/\/horizonmontenegro.com\/wp-content\/plugins\/wpforms-lite\/assets\/images\/submit-spin.svg\" class=\"wpforms-submit-spinner\" style=\"display: none;\" width=\"26\" height=\"26\" alt=\"Loading\"><\/div><\/form><\/div>  <!-- .wpforms-container -->\t\t\t\t<\/div>\n\t\t\t\t<\/div>\n\t\t\t\t\t<\/div>\n\t\t\t\t<\/div>\n\t\t<div class=\"elementor-element elementor-element-85c9a12 e-flex e-con-boxed e-con e-parent\" data-id=\"85c9a12\" data-element_type=\"container\" data-e-type=\"container\" data-settings=\"{&quot;background_background&quot;:&quot;classic&quot;}\">\n\t\t\t\t\t<div class=\"e-con-inner\">\n\t\t<div class=\"elementor-element elementor-element-dfc25d5 e-flex e-con-boxed e-con e-child\" data-id=\"dfc25d5\" data-element_type=\"container\" data-e-type=\"container\">\n\t\t\t\t\t<div class=\"e-con-inner\">\n\t\t<div class=\"elementor-element elementor-element-70cb4c5 e-flex e-con-boxed e-con e-child\" data-id=\"70cb4c5\" data-element_type=\"container\" data-e-type=\"container\">\n\t\t\t\t\t<div class=\"e-con-inner\">\n\t\t\t\t<div class=\"elementor-element elementor-element-cd177ac elementor-widget elementor-widget-text-editor\" data-id=\"cd177ac\" data-element_type=\"widget\" data-e-type=\"widget\" data-widget_type=\"text-editor.default\">\n\t\t\t\t<div class=\"elementor-widget-container\">\n\t\t\t\t\t\t\t\t\t<p>Enjoy your time in montenegro<\/p>\t\t\t\t\t\t\t\t<\/div>\n\t\t\t\t<\/div>\n\t\t\t\t<div class=\"elementor-element elementor-element-08a2756 elementor-widget elementor-widget-heading\" data-id=\"08a2756\" data-element_type=\"widget\" data-e-type=\"widget\" data-widget_type=\"heading.default\">\n\t\t\t\t<div class=\"elementor-widget-container\">\n\t\t\t\t\t<h2 class=\"elementor-heading-title elementor-size-default\">Tours and Excursions<\/h2>\t\t\t\t<\/div>\n\t\t\t\t<\/div>\n\t\t\t\t\t<\/div>\n\t\t\t\t<\/div>\n\t\t<div class=\"elementor-element elementor-element-5e821f3 e-flex e-con-boxed e-con e-child\" data-id=\"5e821f3\" data-element_type=\"container\" data-e-type=\"container\">\n\t\t\t\t\t<div class=\"e-con-inner\">\n\t\t\t\t<div class=\"elementor-element elementor-element-d9917b1 elementor-align-right elementor-mobile-align-center elementor-widget elementor-widget-button\" data-id=\"d9917b1\" data-element_type=\"widget\" data-e-type=\"widget\" data-widget_type=\"button.default\">\n\t\t\t\t<div class=\"elementor-widget-container\">\n\t\t\t\t\t\t\t\t\t<div class=\"elementor-button-wrapper\">\n\t\t\t\t\t<a class=\"elementor-button elementor-button-link elementor-size-lg\" href=\"https:\/\/horizonmontenegro.com\/index.php\/elementor-1199\/\">\n\t\t\t\t\t\t<span class=\"elementor-button-content-wrapper\">\n\t\t\t\t\t\t\t\t\t<span class=\"elementor-button-text\">Explore all our tours<\/span>\n\t\t\t\t\t<\/span>\n\t\t\t\t\t<\/a>\n\t\t\t\t<\/div>\n\t\t\t\t\t\t\t\t<\/div>\n\t\t\t\t<\/div>\n\t\t\t\t\t<\/div>\n\t\t\t\t<\/div>\n\t\t\t\t\t<\/div>\n\t\t\t\t<\/div>\n\t\t\t\t\t<\/div>\n\t\t\t\t<\/div>\n\t\t<div class=\"elementor-element elementor-element-1777e1d e-flex e-con-boxed e-con e-parent\" data-id=\"1777e1d\" data-element_type=\"container\" data-e-type=\"container\" data-settings=\"{&quot;background_background&quot;:&quot;classic&quot;}\">\n\t\t\t\t\t<div class=\"e-con-inner\">\n\t\t<div class=\"elementor-element elementor-element-4d1e72f e-flex e-con-boxed e-con e-child\" data-id=\"4d1e72f\" data-element_type=\"container\" data-e-type=\"container\">\n\t\t\t\t\t<div class=\"e-con-inner\">\n\t\t<div class=\"elementor-element elementor-element-e8fe5d6 e-flex e-con-boxed e-con e-child\" data-id=\"e8fe5d6\" data-element_type=\"container\" data-e-type=\"container\">\n\t\t\t\t\t<div class=\"e-con-inner\">\n\t\t\t\t<div class=\"elementor-element elementor-element-f8a92eb elementor-widget elementor-widget-text-editor\" data-id=\"f8a92eb\" data-element_type=\"widget\" data-e-type=\"widget\" data-widget_type=\"text-editor.default\">\n\t\t\t\t<div class=\"elementor-widget-container\">\n\t\t\t\t\t\t\t\t\t<p>Find what you need<\/p>\t\t\t\t\t\t\t\t<\/div>\n\t\t\t\t<\/div>\n\t\t\t\t<div class=\"elementor-element elementor-element-1e099c1 elementor-widget elementor-widget-heading\" data-id=\"1e099c1\" data-element_type=\"widget\" data-e-type=\"widget\" data-widget_type=\"heading.default\">\n\t\t\t\t<div class=\"elementor-widget-container\">\n\t\t\t\t\t<h2 class=\"elementor-heading-title elementor-size-default\">Our Services<\/h2>\t\t\t\t<\/div>\n\t\t\t\t<\/div>\n\t\t\t\t\t<\/div>\n\t\t\t\t<\/div>\n\t\t<div class=\"elementor-element elementor-element-fd173a3 e-flex e-con-boxed e-con e-child\" data-id=\"fd173a3\" data-element_type=\"container\" data-e-type=\"container\">\n\t\t\t\t\t<div class=\"e-con-inner\">\n\t\t\t\t<div class=\"elementor-element elementor-element-fa0bca3 elementor-align-right elementor-mobile-align-center elementor-widget elementor-widget-button\" data-id=\"fa0bca3\" data-element_type=\"widget\" data-e-type=\"widget\" data-widget_type=\"button.default\">\n\t\t\t\t<div class=\"elementor-widget-container\">\n\t\t\t\t\t\t\t\t\t<div class=\"elementor-button-wrapper\">\n\t\t\t\t\t<a class=\"elementor-button elementor-button-link elementor-size-lg\" href=\"https:\/\/horizonmontenegro.com\/index.php\/our-services\/\">\n\t\t\t\t\t\t<span class=\"elementor-button-content-wrapper\">\n\t\t\t\t\t\t\t\t\t<span class=\"elementor-button-text\">Explore our services<\/span>\n\t\t\t\t\t<\/span>\n\t\t\t\t\t<\/a>\n\t\t\t\t<\/div>\n\t\t\t\t\t\t\t\t<\/div>\n\t\t\t\t<\/div>\n\t\t\t\t\t<\/div>\n\t\t\t\t<\/div>\n\t\t\t\t\t<\/div>\n\t\t\t\t<\/div>\n\t\t\t\t\t<\/div>\n\t\t\t\t<\/div>\n\t\t<div class=\"elementor-element elementor-element-2360b84 e-flex e-con-boxed e-con e-parent\" data-id=\"2360b84\" data-element_type=\"container\" data-e-type=\"container\" data-settings=\"{&quot;background_background&quot;:&quot;classic&quot;}\">\n\t\t\t\t\t<div class=\"e-con-inner\">\n\t\t\t\t<div class=\"elementor-element elementor-element-d1a1d21 elementor-widget elementor-widget-text-editor\" data-id=\"d1a1d21\" data-element_type=\"widget\" data-e-type=\"widget\" data-widget_type=\"text-editor.default\">\n\t\t\t\t<div class=\"elementor-widget-container\">\n\t\t\t\t\t\t\t\t\t<p>WHY MONTENEGRO<\/p>\t\t\t\t\t\t\t\t<\/div>\n\t\t\t\t<\/div>\n\t\t\t\t<div class=\"elementor-element elementor-element-8d4d605 elementor-widget elementor-widget-shortcode\" data-id=\"8d4d605\" data-element_type=\"widget\" data-e-type=\"widget\" data-widget_type=\"shortcode.default\">\n\t\t\t\t<div class=\"elementor-widget-container\">\n\t\t\t\t\t\t\t<div class=\"elementor-shortcode\">[blocksy_posts limit=\"4\" has_pagination=\"no\"]<\/div>\n\t\t\t\t\t\t<\/div>\n\t\t\t\t<\/div>\n\t\t\t\t\t<\/div>\n\t\t\t\t<\/div>\n\t\t\t\t<\/div>\n\t\t","protected":false},"excerpt":{"rendered":"<p>Transfer service Please complete the form Please enable JavaScript in your browser to complete this form.Please enable JavaScript in your browser to complete this form. Name * FirstLast Email *Phone number *Write your number with country code. Example (0038265333333)Pick up city *TivatTivat &#8211; AirportKotorBudvaPodgoricaPodgorica &#8211; AirportPerastHerceg NoviBarUlcinj\u017dabljak &#8211; DurmitorCetinjeNik\u0161i\u0107Final destination *TivatTivat &#8211; AirportKotorBudvaPodgoricaPodgorica &#8211; AirportPerastHerceg [&hellip;]<\/p>\n","protected":false},"author":1,"featured_media":1208,"parent":0,"menu_order":0,"comment_status":"closed","ping_status":"closed","template":"elementor_header_footer","meta":{"_joinchat":[],"footnotes":""},"class_list":["post-1711","page","type-page","status-publish","has-post-thumbnail","hentry"],"blocksy_meta":[],"yoast_head":"<!-- This site is optimized with the Yoast SEO plugin v27.3 - https:\/\/yoast.com\/product\/yoast-seo-wordpress\/ -->\n<title>Transfer booking form - Horizon Montenegro<\/title>\n<meta name=\"robots\" content=\"index, follow, max-snippet:-1, max-image-preview:large, max-video-preview:-1\" \/>\n<link rel=\"canonical\" href=\"https:\/\/horizonmontenegro.com\/?page_id=1711\" \/>\n<meta property=\"og:locale\" content=\"en_US\" \/>\n<meta property=\"og:type\" content=\"article\" \/>\n<meta property=\"og:title\" content=\"Transfer booking form - Horizon Montenegro\" \/>\n<meta property=\"og:description\" content=\"Transfer service Please complete the form Please enable JavaScript in your browser to complete this form.Please enable JavaScript in your browser to complete this form. Name * FirstLast Email *Phone number *Write your number with country code. Example (0038265333333)Pick up city *TivatTivat &#8211; AirportKotorBudvaPodgoricaPodgorica &#8211; AirportPerastHerceg NoviBarUlcinj\u017dabljak &#8211; DurmitorCetinjeNik\u0161i\u0107Final destination *TivatTivat &#8211; AirportKotorBudvaPodgoricaPodgorica &#8211; AirportPerastHerceg [&hellip;]\" \/>\n<meta property=\"og:url\" content=\"https:\/\/horizonmontenegro.com\/?page_id=1711\" \/>\n<meta property=\"og:site_name\" content=\"Horizon Montenegro\" \/>\n<meta property=\"article:modified_time\" content=\"2024-02-14T19:24:04+00:00\" \/>\n<meta property=\"og:image\" content=\"https:\/\/horizonmontenegro.com\/wp-content\/uploads\/2024\/02\/driver-helps-a-business-couple-carry-their-suitcas-2023-11-27-05-34-13-utc-1.jpg\" \/>\n\t<meta property=\"og:image:width\" content=\"1200\" \/>\n\t<meta property=\"og:image:height\" content=\"800\" \/>\n\t<meta property=\"og:image:type\" content=\"image\/jpeg\" \/>\n<meta name=\"twitter:card\" content=\"summary_large_image\" \/>\n<script type=\"application\/ld+json\" class=\"yoast-schema-graph\">{\"@context\":\"https:\\\/\\\/schema.org\",\"@graph\":[{\"@type\":\"WebPage\",\"@id\":\"https:\\\/\\\/horizonmontenegro.com\\\/?page_id=1711\",\"url\":\"https:\\\/\\\/horizonmontenegro.com\\\/?page_id=1711\",\"name\":\"Transfer booking form - Horizon Montenegro\",\"isPartOf\":{\"@id\":\"https:\\\/\\\/horizonmontenegro.com\\\/#website\"},\"primaryImageOfPage\":{\"@id\":\"https:\\\/\\\/horizonmontenegro.com\\\/?page_id=1711#primaryimage\"},\"image\":{\"@id\":\"https:\\\/\\\/horizonmontenegro.com\\\/?page_id=1711#primaryimage\"},\"thumbnailUrl\":\"https:\\\/\\\/horizonmontenegro.com\\\/wp-content\\\/uploads\\\/2024\\\/02\\\/driver-helps-a-business-couple-carry-their-suitcas-2023-11-27-05-34-13-utc-1.jpg\",\"datePublished\":\"2024-02-14T19:20:07+00:00\",\"dateModified\":\"2024-02-14T19:24:04+00:00\",\"breadcrumb\":{\"@id\":\"https:\\\/\\\/horizonmontenegro.com\\\/?page_id=1711#breadcrumb\"},\"inLanguage\":\"en-US\",\"potentialAction\":[{\"@type\":\"ReadAction\",\"target\":[\"https:\\\/\\\/horizonmontenegro.com\\\/?page_id=1711\"]}]},{\"@type\":\"ImageObject\",\"inLanguage\":\"en-US\",\"@id\":\"https:\\\/\\\/horizonmontenegro.com\\\/?page_id=1711#primaryimage\",\"url\":\"https:\\\/\\\/horizonmontenegro.com\\\/wp-content\\\/uploads\\\/2024\\\/02\\\/driver-helps-a-business-couple-carry-their-suitcas-2023-11-27-05-34-13-utc-1.jpg\",\"contentUrl\":\"https:\\\/\\\/horizonmontenegro.com\\\/wp-content\\\/uploads\\\/2024\\\/02\\\/driver-helps-a-business-couple-carry-their-suitcas-2023-11-27-05-34-13-utc-1.jpg\",\"width\":1200,\"height\":800,\"caption\":\"transfers-airport\"},{\"@type\":\"BreadcrumbList\",\"@id\":\"https:\\\/\\\/horizonmontenegro.com\\\/?page_id=1711#breadcrumb\",\"itemListElement\":[{\"@type\":\"ListItem\",\"position\":1,\"name\":\"Home\",\"item\":\"https:\\\/\\\/horizonmontenegro.com\\\/\"},{\"@type\":\"ListItem\",\"position\":2,\"name\":\"Transfer booking form\"}]},{\"@type\":\"WebSite\",\"@id\":\"https:\\\/\\\/horizonmontenegro.com\\\/#website\",\"url\":\"https:\\\/\\\/horizonmontenegro.com\\\/\",\"name\":\"Horizon Montenegro\",\"description\":\"Your Passport to Paradise\",\"publisher\":{\"@id\":\"https:\\\/\\\/horizonmontenegro.com\\\/#organization\"},\"potentialAction\":[{\"@type\":\"SearchAction\",\"target\":{\"@type\":\"EntryPoint\",\"urlTemplate\":\"https:\\\/\\\/horizonmontenegro.com\\\/?s={search_term_string}\"},\"query-input\":{\"@type\":\"PropertyValueSpecification\",\"valueRequired\":true,\"valueName\":\"search_term_string\"}}],\"inLanguage\":\"en-US\"},{\"@type\":\"Organization\",\"@id\":\"https:\\\/\\\/horizonmontenegro.com\\\/#organization\",\"name\":\"Horizon Montenegro\",\"url\":\"https:\\\/\\\/horizonmontenegro.com\\\/\",\"logo\":{\"@type\":\"ImageObject\",\"inLanguage\":\"en-US\",\"@id\":\"https:\\\/\\\/horizonmontenegro.com\\\/#\\\/schema\\\/logo\\\/image\\\/\",\"url\":\"https:\\\/\\\/horizonmontenegro.com\\\/wp-content\\\/uploads\\\/2024\\\/02\\\/1.png\",\"contentUrl\":\"https:\\\/\\\/horizonmontenegro.com\\\/wp-content\\\/uploads\\\/2024\\\/02\\\/1.png\",\"width\":1000,\"height\":1000,\"caption\":\"Horizon Montenegro\"},\"image\":{\"@id\":\"https:\\\/\\\/horizonmontenegro.com\\\/#\\\/schema\\\/logo\\\/image\\\/\"}}]}<\/script>\n<!-- \/ Yoast SEO plugin. -->","yoast_head_json":{"title":"Transfer booking form - Horizon Montenegro","robots":{"index":"index","follow":"follow","max-snippet":"max-snippet:-1","max-image-preview":"max-image-preview:large","max-video-preview":"max-video-preview:-1"},"canonical":"https:\/\/horizonmontenegro.com\/?page_id=1711","og_locale":"en_US","og_type":"article","og_title":"Transfer booking form - Horizon Montenegro","og_description":"Transfer service Please complete the form Please enable JavaScript in your browser to complete this form.Please enable JavaScript in your browser to complete this form. Name * FirstLast Email *Phone number *Write your number with country code. Example (0038265333333)Pick up city *TivatTivat &#8211; AirportKotorBudvaPodgoricaPodgorica &#8211; AirportPerastHerceg NoviBarUlcinj\u017dabljak &#8211; DurmitorCetinjeNik\u0161i\u0107Final destination *TivatTivat &#8211; AirportKotorBudvaPodgoricaPodgorica &#8211; AirportPerastHerceg [&hellip;]","og_url":"https:\/\/horizonmontenegro.com\/?page_id=1711","og_site_name":"Horizon Montenegro","article_modified_time":"2024-02-14T19:24:04+00:00","og_image":[{"width":1200,"height":800,"url":"https:\/\/horizonmontenegro.com\/wp-content\/uploads\/2024\/02\/driver-helps-a-business-couple-carry-their-suitcas-2023-11-27-05-34-13-utc-1.jpg","type":"image\/jpeg"}],"twitter_card":"summary_large_image","schema":{"@context":"https:\/\/schema.org","@graph":[{"@type":"WebPage","@id":"https:\/\/horizonmontenegro.com\/?page_id=1711","url":"https:\/\/horizonmontenegro.com\/?page_id=1711","name":"Transfer booking form - Horizon Montenegro","isPartOf":{"@id":"https:\/\/horizonmontenegro.com\/#website"},"primaryImageOfPage":{"@id":"https:\/\/horizonmontenegro.com\/?page_id=1711#primaryimage"},"image":{"@id":"https:\/\/horizonmontenegro.com\/?page_id=1711#primaryimage"},"thumbnailUrl":"https:\/\/horizonmontenegro.com\/wp-content\/uploads\/2024\/02\/driver-helps-a-business-couple-carry-their-suitcas-2023-11-27-05-34-13-utc-1.jpg","datePublished":"2024-02-14T19:20:07+00:00","dateModified":"2024-02-14T19:24:04+00:00","breadcrumb":{"@id":"https:\/\/horizonmontenegro.com\/?page_id=1711#breadcrumb"},"inLanguage":"en-US","potentialAction":[{"@type":"ReadAction","target":["https:\/\/horizonmontenegro.com\/?page_id=1711"]}]},{"@type":"ImageObject","inLanguage":"en-US","@id":"https:\/\/horizonmontenegro.com\/?page_id=1711#primaryimage","url":"https:\/\/horizonmontenegro.com\/wp-content\/uploads\/2024\/02\/driver-helps-a-business-couple-carry-their-suitcas-2023-11-27-05-34-13-utc-1.jpg","contentUrl":"https:\/\/horizonmontenegro.com\/wp-content\/uploads\/2024\/02\/driver-helps-a-business-couple-carry-their-suitcas-2023-11-27-05-34-13-utc-1.jpg","width":1200,"height":800,"caption":"transfers-airport"},{"@type":"BreadcrumbList","@id":"https:\/\/horizonmontenegro.com\/?page_id=1711#breadcrumb","itemListElement":[{"@type":"ListItem","position":1,"name":"Home","item":"https:\/\/horizonmontenegro.com\/"},{"@type":"ListItem","position":2,"name":"Transfer booking form"}]},{"@type":"WebSite","@id":"https:\/\/horizonmontenegro.com\/#website","url":"https:\/\/horizonmontenegro.com\/","name":"Horizon Montenegro","description":"Your Passport to Paradise","publisher":{"@id":"https:\/\/horizonmontenegro.com\/#organization"},"potentialAction":[{"@type":"SearchAction","target":{"@type":"EntryPoint","urlTemplate":"https:\/\/horizonmontenegro.com\/?s={search_term_string}"},"query-input":{"@type":"PropertyValueSpecification","valueRequired":true,"valueName":"search_term_string"}}],"inLanguage":"en-US"},{"@type":"Organization","@id":"https:\/\/horizonmontenegro.com\/#organization","name":"Horizon Montenegro","url":"https:\/\/horizonmontenegro.com\/","logo":{"@type":"ImageObject","inLanguage":"en-US","@id":"https:\/\/horizonmontenegro.com\/#\/schema\/logo\/image\/","url":"https:\/\/horizonmontenegro.com\/wp-content\/uploads\/2024\/02\/1.png","contentUrl":"https:\/\/horizonmontenegro.com\/wp-content\/uploads\/2024\/02\/1.png","width":1000,"height":1000,"caption":"Horizon Montenegro"},"image":{"@id":"https:\/\/horizonmontenegro.com\/#\/schema\/logo\/image\/"}}]}},"_links":{"self":[{"href":"https:\/\/horizonmontenegro.com\/index.php?rest_route=\/wp\/v2\/pages\/1711","targetHints":{"allow":["GET"]}}],"collection":[{"href":"https:\/\/horizonmontenegro.com\/index.php?rest_route=\/wp\/v2\/pages"}],"about":[{"href":"https:\/\/horizonmontenegro.com\/index.php?rest_route=\/wp\/v2\/types\/page"}],"author":[{"embeddable":true,"href":"https:\/\/horizonmontenegro.com\/index.php?rest_route=\/wp\/v2\/users\/1"}],"replies":[{"embeddable":true,"href":"https:\/\/horizonmontenegro.com\/index.php?rest_route=%2Fwp%2Fv2%2Fcomments&post=1711"}],"version-history":[{"count":7,"href":"https:\/\/horizonmontenegro.com\/index.php?rest_route=\/wp\/v2\/pages\/1711\/revisions"}],"predecessor-version":[{"id":1718,"href":"https:\/\/horizonmontenegro.com\/index.php?rest_route=\/wp\/v2\/pages\/1711\/revisions\/1718"}],"wp:featuredmedia":[{"embeddable":true,"href":"https:\/\/horizonmontenegro.com\/index.php?rest_route=\/wp\/v2\/media\/1208"}],"wp:attachment":[{"href":"https:\/\/horizonmontenegro.com\/index.php?rest_route=%2Fwp%2Fv2%2Fmedia&parent=1711"}],"curies":[{"name":"wp","href":"https:\/\/api.w.org\/{rel}","templated":true}]}}